{"id":47,"date":"2018-03-15T14:40:57","date_gmt":"2018-03-15T13:40:57","guid":{"rendered":"http:\/\/protimex.be\/cookie-policy\/"},"modified":"2018-04-04T11:55:35","modified_gmt":"2018-04-04T09:55:35","slug":"privacy-policy","status":"publish","type":"page","link":"https:\/\/protimex.be\/fr\/privacy-policy\/","title":{"rendered":"Privacy Policy"},"content":{"rendered":"[vc_row type=\u00a0\u00bbin_container\u00a0\u00bb full_screen_row_position=\u00a0\u00bbmiddle\u00a0\u00bb scene_position=\u00a0\u00bbcenter\u00a0\u00bb text_color=\u00a0\u00bbdark\u00a0\u00bb text_align=\u00a0\u00bbleft\u00a0\u00bb top_padding=\u00a0\u00bb5%\u00a0\u00bb bottom_padding=\u00a0\u00bb5%\u00a0\u00bb overlay_strength=\u00a0\u00bb0.3&Prime; shape_divider_position=\u00a0\u00bbbottom\u00a0\u00bb css_animation=\u00a0\u00bb\u00a0\u00bb row_type=\u00a0\u00bbrow\u00a0\u00bb use_row_as_full_screen_section=\u00a0\u00bbno\u00a0\u00bb angled_section=\u00a0\u00bbno\u00a0\u00bb background_image_as_pattern=\u00a0\u00bbwithout_pattern\u00a0\u00bb padding_top=\u00a0\u00bb75&Prime; padding_bottom=\u00a0\u00bb75&Prime; shape_type=\u00a0\u00bb\u00a0\u00bb][vc_column column_padding=\u00a0\u00bbno-extra-padding\u00a0\u00bb column_padding_position=\u00a0\u00bball\u00a0\u00bb background_color_opacity=\u00a0\u00bb1&Prime; background_hover_color_opacity=\u00a0\u00bb1&Prime; column_shadow=\u00a0\u00bbnone\u00a0\u00bb column_border_radius=\u00a0\u00bbnone\u00a0\u00bb width=\u00a0\u00bb1\/1&Prime; tablet_text_alignment=\u00a0\u00bbdefault\u00a0\u00bb phone_text_alignment=\u00a0\u00bbdefault\u00a0\u00bb column_border_width=\u00a0\u00bbnone\u00a0\u00bb column_border_style=\u00a0\u00bbsolid\u00a0\u00bb][vc_column_text]\n<h1><strong> Politique de confidentialit\u00e9 Protimex<\/strong><\/h1>\n<p><em><strong> Conform\u00e9ment \u00e0 la vie priv\u00e9e europ\u00e9enne loi \u00ab R\u00e8glement g\u00e9n\u00e9ral Data Protection \u00bb mai 2018<\/strong><br \/>\n<\/em><br \/>\nNous sommes conscients que la confiance que vous placez en nous. Nous la consid\u00e9rons comme notre responsabilit\u00e9 de prot\u00e9ger votre vie priv\u00e9e. Sur cette page nous vous ferons savoir quelles informations nous recueillons lorsque vous utilisez notre site Web, Pourquoi collectons-nous et comment am\u00e9liorer votre exp\u00e9rience d\u2019utilisateur. Donc vous comprenez exactement comment nous travaillons. Cette politique de confidentialit\u00e9 s\u2019applique aux services de Protimex. Vous devez \u00eatre conscient que Protimex. n\u2019est pas responsable des pratiques de confidentialit\u00e9 des autres sites et les sources. En utilisant ce site, vous acceptez la politique de confidentialit\u00e9. Protimex respecte la confidentialit\u00e9 de tous les utilisateurs de son site et veille \u00e0 ce que les renseignements personnels que vous fournissez sont trait\u00e9es confidentiellement.<\/p>\n<h3>Utilisation de nos services<\/h3>\n<p>Lorsque vous vous inscrivez \u00e0 un de nos services, nous vous demandons des renseignements personnels. Ces informations sont utilis\u00e9es pour fournir le service. Les donn\u00e9es sont stock\u00e9es sur les serveurs s\u00e9curis\u00e9s de Protimex, ou celle d\u2019une tierce partie. Nous n\u2019allons pas combiner ces informations avec d\u2019autres donn\u00e9es personnelles dont nous disposons.<\/p>\n<h3>Communication<\/h3>\n<p>Lorsque vous envoyez des courriels ou autres communications \u00e0 nous, nous pouvons conserver ces communications. Parfois, nous vous demandons des informations personnelles qui sont pertinents pour la situation respective. Cela rend possible traiter vos demandes et r\u00e9pondre \u00e0 vos demandes. Les donn\u00e9es sont stock\u00e9es sur les serveurs s\u00e9curis\u00e9s de Protimex, ou celle d\u2019une tierce partie. Nous n\u2019allons pas combiner ces informations avec d\u2019autres donn\u00e9es personnelles dont nous disposons.<\/p>\n<h3>Cookies<\/h3>\n<p>Nous recueillons des renseignements pour la recherche afin d\u2019acqu\u00e9rir une meilleure compr\u00e9hension de nos clients afin que nous puissions adapter nos services \u00e0 cette fin.<br \/>\nCe site utilise des \u00ab cookies \u00bb pour aider le site \u00e0 analyser comment les utilisateurs utilisent le site. Les informations g\u00e9n\u00e9r\u00e9es par le cookie sur votre utilisation du site Web peuvent \u00eatre transf\u00e9r\u00e9es \u00e0 des serveurs priv\u00e9s s\u00e9curis\u00e9s de Protimex, ou celle d\u2019une tierce partie. Nous utilisons cette information pour suivre la fa\u00e7on dont vous utilisez le site, aux rapports sur les activit\u00e9s du site et de fournir d\u2019autres services relatifs \u00e0 l\u2019utilisation du site internet et de l\u2019activit\u00e9.<\/p>\n<h3>Fins<\/h3>\n<p>Nous ne pas recueillir ou utiliser des renseignements \u00e0 des fins autres que celles d\u00e9crites dans cette politique de confidentialit\u00e9, \u00e0 moins que nous avons obtenu votre consentement pr\u00e9alable.<\/p>\n<h3>Tierces parties<\/h3>\n<p>L\u2019information se partageront pas avec des tiers. Dans certains cas, les renseignements peuvent \u00eatre partag\u00e9s en interne. Nos employ\u00e9s sont tenus de maintenir la confidentialit\u00e9 de vos informations.<\/p>\n<h3>Changements<\/h3>\n<p>Cette d\u00e9claration de confidentialit\u00e9 est adapt\u00e9e \u00e0 l\u2019utilisation d\u2019et les opportunit\u00e9s sur ce site. Des ajustements et\/ou des changements dans ce site peuvent conduire \u00e0 des changements dans cette d\u00e9claration de confidentialit\u00e9. Il est donc recommand\u00e9 de v\u00e9rifier r\u00e9guli\u00e8rement cette politique de confidentialit\u00e9.<\/p>\n<h3>Choix des informations personnelles<\/h3>\n<p>Nous offrons \u00e0 tous les visiteurs la possibilit\u00e9 d\u2019afficher, modifier ou supprimer les renseignements personnels qui nous sont fournies en temps voulu.<\/p>\n<h3>Modifier\/se d\u00e9sabonner service newsletter<\/h3>\n<p>Au bas de chaque envoi, vous trouverez la possibilit\u00e9 d\u2019ajuster vos informations ou vous d\u00e9sabonner.<\/p>\n<h3>Modifier\/se d\u00e9sabonner communication<\/h3>\n<p>Si vous voulez tenir vos donn\u00e9es \u00e0 ou de vous procurer de nos dossiers, veuillez nous contacter. Voir les coordonn\u00e9es ci-dessous.<\/p>\n<h3>D\u00e9sactiver les cookies<\/h3>\n<p>La plupart des navigateurs sont initialement configur\u00e9s pour accepter les cookies, mais vous pouvez r\u00e9initialiser votre navigateur pour refuser tous les cookies ou pour indiquer quand un cookie est envoy\u00e9. Toutefois, il est possible que certaines fonctionnalit\u00e9s et services, sur notre et d\u2019autres sites Web, pas fonctionnent correctement si les cookies sont d\u00e9sactiv\u00e9s dans votre navigateur.<\/p>\n<h3>Questions et commentaires<\/h3>\n<p>Nous v\u00e9rifions r\u00e9guli\u00e8rement que nous \u00e0 cette politique de confidentialit\u00e9. Si vous avez des questions concernant cette politique de confidentialit\u00e9, veuillez nous contacter :<\/p>\n<p><strong>Protimex<\/strong><\/p>\n<p><strong>T\u00e9l:<\/strong>\u00a0068.659.603<br \/>\n<strong>Fax:<\/strong>\u00a0068.659.674<br \/>\n<strong>E-mail:<\/strong>\u00a0<a href=\"mailto:info@protimex.be\">info@protimex.be<\/a><br \/>\n<strong>VAT:<\/strong>\u00a0BE 0463.210.434[\/vc_column_text][\/vc_column][\/vc_row]\n","protected":false},"excerpt":{"rendered":"<p>[vc_row type=\u00a0\u00bbin_container\u00a0\u00bb full_screen_row_position=\u00a0\u00bbmiddle\u00a0\u00bb scene_position=\u00a0\u00bbcenter\u00a0\u00bb text_color=\u00a0\u00bbdark\u00a0\u00bb text_align=\u00a0\u00bbleft\u00a0\u00bb top_padding=\u00a0\u00bb5%\u00a0\u00bb bottom_padding=\u00a0\u00bb5%\u00a0\u00bb overlay_strength=\u00a0\u00bb0.3&Prime; shape_divider_position=\u00a0\u00bbbottom\u00a0\u00bb css_animation=\u00a0\u00bb\u00a0\u00bb row_type=\u00a0\u00bbrow\u00a0\u00bb use_row_as_full_screen_section=\u00a0\u00bbno\u00a0\u00bb angled_section=\u00a0\u00bbno\u00a0\u00bb background_image_as_pattern=\u00a0\u00bbwithout_pattern\u00a0\u00bb padding_top=\u00a0\u00bb75&Prime; padding_bottom=\u00a0\u00bb75&Prime; shape_type=\u00a0\u00bb\u00a0\u00bb][vc_column column_padding=\u00a0\u00bbno-extra-padding\u00a0\u00bb column_padding_position=\u00a0\u00bball\u00a0\u00bb background_color_opacity=\u00a0\u00bb1&Prime; background_hover_color_opacity=\u00a0\u00bb1&Prime; column_shadow=\u00a0\u00bbnone\u00a0\u00bb column_border_radius=\u00a0\u00bbnone\u00a0\u00bb width=\u00a0\u00bb1\/1&Prime; tablet_text_alignment=\u00a0\u00bbdefault\u00a0\u00bb phone_text_alignment=\u00a0\u00bbdefault\u00a0\u00bb column_border_width=\u00a0\u00bbnone\u00a0\u00bb column_border_style=\u00a0\u00bbsolid\u00a0\u00bb][vc_column_text] Politique&#8230;<\/p>\n","protected":false},"author":1,"featured_media":0,"parent":0,"menu_order":72,"comment_status":"closed","ping_status":"closed","template":"template-no-header.php","meta":{"footnotes":""},"class_list":["post-47","page","type-page","status-publish"],"_links":{"self":[{"href":"https:\/\/protimex.be\/fr\/wp-json\/wp\/v2\/pages\/47","targetHints":{"allow":["GET"]}}],"collection":[{"href":"https:\/\/protimex.be\/fr\/wp-json\/wp\/v2\/pages"}],"about":[{"href":"https:\/\/protimex.be\/fr\/wp-json\/wp\/v2\/types\/page"}],"author":[{"embeddable":true,"href":"https:\/\/protimex.be\/fr\/wp-json\/wp\/v2\/users\/1"}],"replies":[{"embeddable":true,"href":"https:\/\/protimex.be\/fr\/wp-json\/wp\/v2\/comments?post=47"}],"version-history":[{"count":2,"href":"https:\/\/protimex.be\/fr\/wp-json\/wp\/v2\/pages\/47\/revisions"}],"predecessor-version":[{"id":49,"href":"https:\/\/protimex.be\/fr\/wp-json\/wp\/v2\/pages\/47\/revisions\/49"}],"wp:attachment":[{"href":"https:\/\/protimex.be\/fr\/wp-json\/wp\/v2\/media?parent=47"}],"curies":[{"name":"wp","href":"https:\/\/api.w.org\/{rel}","templated":true}]}}